{"id":25066,"date":"2020-12-27T13:28:19","date_gmt":"2020-12-27T13:28:19","guid":{"rendered":"https:\/\/doctorkclinic.com\/%d9%81%d8%b1%d9%8a%d9%82%d9%86%d8%a7\/"},"modified":"2023-12-07T07:06:36","modified_gmt":"2023-12-07T07:06:36","slug":"%d9%81%d8%b1%d9%8a%d9%82%d9%86%d8%a7","status":"publish","type":"page","link":"https:\/\/doctorkclinic.com\/ar\/%d9%81%d8%b1%d9%8a%d9%82%d9%86%d8%a7\/","title":{"rendered":"\u0641\u0631\u064a\u0642\u0646\u0627"},"content":{"rendered":"\t\t<div data-elementor-type=\"wp-page\" data-elementor-id=\"25066\" class=\"elementor elementor-25066\" data-elementor-post-type=\"page\">\n\t\t\t\t\t\t\t\t\t<section class=\"elementor-section elementor-top-section elementor-element elementor-element-3812f74 elementor-section-boxed elementor-section-height-default elementor-section-height-default sc_fly_static\" data-id=\"3812f74\" data-element_type=\"section\">\n\t\t\t\t\t\t<div class=\"elementor-container elementor-column-gap-extended\">\n\t\t\t\t\t<div class=\"elementor-column elementor-col-100 elementor-top-column elementor-element elementor-element-0395808 sc_inner_width_none sc_content_align_inherit sc_layouts_column_icons_position_left sc_fly_static\" data-id=\"0395808\" data-element_type=\"column\">\n\t\t\t<div class=\"elementor-widget-wrap elementor-element-populated\">\n\t\t\t\t\t\t\t\t<div class=\"elementor-element elementor-element-6ce3fea sc_height_huge sc_fly_static elementor-widget elementor-widget-spacer\" data-id=\"6ce3fea\" data-element_type=\"widget\" data-widget_type=\"spacer.default\">\n\t\t\t\t<div class=\"elementor-widget-container\">\n\t\t\t\t\t<div class=\"elementor-spacer\">\n\t\t\t<div class=\"elementor-spacer-inner\"><\/div>\n\t\t<\/div>\n\t\t\t\t<\/div>\n\t\t\t\t<\/div>\n\t\t\t\t\t<\/div>\n\t\t<\/div>\n\t\t\t\t\t\t\t<\/div>\n\t\t<\/section>\n\t\t\t\t<section class=\"elementor-section elementor-top-section elementor-element elementor-element-7b83bbc scheme_default elementor-section-content-middle elementor-section-stretched elementor-section-boxed elementor-section-height-default elementor-section-height-default sc_fly_static\" data-id=\"7b83bbc\" data-element_type=\"section\" data-settings=\"{&quot;background_background&quot;:&quot;classic&quot;,&quot;stretch_section&quot;:&quot;section-stretched&quot;}\">\n\t\t\t\t\t\t<div class=\"elementor-container elementor-column-gap-extended\">\n\t\t\t\t\t<div class=\"elementor-column elementor-col-50 elementor-top-column elementor-element elementor-element-abc8820 sc_inner_width_none sc_content_align_inherit sc_layouts_column_icons_position_left sc_fly_static\" data-id=\"abc8820\" data-element_type=\"column\">\n\t\t\t<div class=\"elementor-widget-wrap elementor-element-populated\">\n\t\t\t\t\t\t\t\t<div class=\"elementor-element elementor-element-1185141 sc_fly_static elementor-widget elementor-widget-trx_sc_title\" data-id=\"1185141\" data-element_type=\"widget\" data-widget_type=\"trx_sc_title.default\">\n\t\t\t\t<div class=\"elementor-widget-container\">\n\t\t\t<div\t\tclass=\"sc_title sc_title_accent\" ><span class=\"sc_item_subtitle sc_title_subtitle sc_item_subtitle_above sc_item_title_style_accent\">\u0641\u0631\u064a\u0642\u0646\u0627<\/span><h1 class=\"sc_item_title sc_title_title sc_item_title_style_accent sc_item_title_tag\"\n\t\t\t><span class=\"sc_item_title_text\">\u0627\u0644\u062a\u0642 \u0628\u0641\u0631\u064a\u0642\u0646\u0627<\/span><\/h1><div class=\"sc_item_descr sc_title_descr\"><p>\u0627\u0644\u0646\u062e\u0628\u0629 \u0627\u0644\u0645\u062a\u0641\u0648\u0642\u0629\u060c \u0645\u0639 \u0645\u0631\u0648\u0631 \u0627\u0644\u0648\u0642\u062a\u060c \u062a\u062d\u062f\u062b \u0641\u064a \u0627\u0644\u0639\u0645\u0644 \u0648\u0627\u0644\u0623\u0644\u0645 \u0627\u0644\u0643\u0628\u064a\u0631. Ut enim ad minim veniam\u060c quis nostrud exercitization ullamco.  <\/p>\n<\/div><\/div>\t\t<\/div>\n\t\t\t\t<\/div>\n\t\t\t\t<div class=\"elementor-element elementor-element-14b569a sc_fly_static elementor-widget elementor-widget-spacer\" data-id=\"14b569a\" data-element_type=\"widget\" data-widget_type=\"spacer.default\">\n\t\t\t\t<div class=\"elementor-widget-container\">\n\t\t\t\t\t<div class=\"elementor-spacer\">\n\t\t\t<div class=\"elementor-spacer-inner\"><\/div>\n\t\t<\/div>\n\t\t\t\t<\/div>\n\t\t\t\t<\/div>\n\t\t\t\t<div class=\"elementor-element elementor-element-b25697e play_center sc_layouts_hide_on_wide sc_layouts_hide_on_desktop sc_layouts_hide_on_notebook sc_layouts_hide_on_tablet sc_layouts_hide_on_mobile sc_fly_static elementor-widget elementor-widget-trx_sc_button\" data-id=\"b25697e\" data-element_type=\"widget\" data-widget_type=\"trx_sc_button.default\">\n\t\t\t\t<div class=\"elementor-widget-container\">\n\t\t\t<div\tclass=\"sc_item_button sc_button_wrap\" ><a href=\"https:\/\/doctorkclinic.com\/ar\/%d9%85%d8%b9%d9%84%d9%88%d9%85%d8%a7%d8%aa-%d8%b9%d9%86%d8%a7\/\" class=\"sc_button hide_on_mobile hide_on_tablet hide_on_notebook hide_on_desktop hide_on_wide sc_button_default sc_button_size_normal sc_button_icon_left\" ><span class=\"sc_button_text\"><span class=\"sc_button_title\">\u0645\u0639\u0644\u0648\u0645\u0627\u062a \u0639\u0646\u0627<\/span><\/span><\/a><a href=\"#go-video-team\" class=\"sc_button hide_on_mobile hide_on_tablet hide_on_notebook hide_on_desktop hide_on_wide sc_button_simple sc_button_size_normal sc_button_with_icon sc_button_icon_left color_style_dark\" ><span class=\"sc_button_icon\"><span class=\"icon-play\"><\/span><\/span><span class=\"sc_button_text\"><span class=\"sc_button_title\">\u0639\u0631\u0636 \u0627\u0644\u0641\u064a\u062f\u064a\u0648<\/span><\/span><\/a><\/div>\t\t<\/div>\n\t\t\t\t<\/div>\n\t\t\t\t\t<\/div>\n\t\t<\/div>\n\t\t\t\t<div class=\"elementor-column elementor-col-50 elementor-top-column elementor-element elementor-element-40e7d6c sc_inner_width_none sc_content_align_inherit sc_layouts_column_icons_position_left sc_fly_static\" data-id=\"40e7d6c\" data-element_type=\"column\">\n\t\t\t<div class=\"elementor-widget-wrap\">\n\t\t\t\t\t\t\t\t\t<\/div>\n\t\t<\/div>\n\t\t\t\t\t\t\t<\/div>\n\t\t<\/section>\n\t\t\t\t<section class=\"elementor-section elementor-top-section elementor-element elementor-element-e15dada elementor-section-boxed elementor-section-height-default elementor-section-height-default sc_fly_static\" data-id=\"e15dada\" data-element_type=\"section\">\n\t\t\t\t\t\t<div class=\"elementor-container elementor-column-gap-extended\">\n\t\t\t\t\t<div class=\"elementor-column elementor-col-100 elementor-top-column elementor-element elementor-element-a65bed0 sc_inner_width_none sc_content_align_inherit sc_layouts_column_icons_position_left sc_fly_static\" data-id=\"a65bed0\" data-element_type=\"column\">\n\t\t\t<div class=\"elementor-widget-wrap elementor-element-populated\">\n\t\t\t\t\t\t\t\t<div class=\"elementor-element elementor-element-ac1ab5d sc_height_huge sc_fly_static elementor-widget elementor-widget-spacer\" data-id=\"ac1ab5d\" data-element_type=\"widget\" data-widget_type=\"spacer.default\">\n\t\t\t\t<div class=\"elementor-widget-container\">\n\t\t\t\t\t<div class=\"elementor-spacer\">\n\t\t\t<div class=\"elementor-spacer-inner\"><\/div>\n\t\t<\/div>\n\t\t\t\t<\/div>\n\t\t\t\t<\/div>\n\t\t\t\t\t<\/div>\n\t\t<\/div>\n\t\t\t\t\t\t\t<\/div>\n\t\t<\/section>\n\t\t\t\t<section class=\"elementor-section elementor-top-section elementor-element elementor-element-2c5d0234 elementor-section-stretched scheme_default elementor-section-boxed elementor-section-height-default elementor-section-height-default sc_fly_static\" data-id=\"2c5d0234\" data-element_type=\"section\" data-settings=\"{&quot;stretch_section&quot;:&quot;section-stretched&quot;,&quot;background_background&quot;:&quot;classic&quot;}\">\n\t\t\t\t\t\t<div class=\"elementor-container elementor-column-gap-extended\">\n\t\t\t\t\t<div class=\"elementor-column elementor-col-100 elementor-top-column elementor-element elementor-element-777152bd sc_inner_width_none sc_content_align_inherit sc_layouts_column_icons_position_left sc_fly_static\" data-id=\"777152bd\" data-element_type=\"column\">\n\t\t\t<div class=\"elementor-widget-wrap elementor-element-populated\">\n\t\t\t\t\t\t\t\t<div class=\"elementor-element elementor-element-113c4e7 sc_height_huge sc_fly_static elementor-widget elementor-widget-spacer\" data-id=\"113c4e7\" data-element_type=\"widget\" data-widget_type=\"spacer.default\">\n\t\t\t\t<div class=\"elementor-widget-container\">\n\t\t\t\t\t<div class=\"elementor-spacer\">\n\t\t\t<div class=\"elementor-spacer-inner\"><\/div>\n\t\t<\/div>\n\t\t\t\t<\/div>\n\t\t\t\t<\/div>\n\t\t\t\t<div class=\"elementor-element elementor-element-e0a5894 sc_fly_static elementor-widget elementor-widget-trx_sc_team\" data-id=\"e0a5894\" data-element_type=\"widget\" data-widget_type=\"trx_sc_team.default\">\n\t\t\t\t<div class=\"elementor-widget-container\">\n\t\t\t<div \t\tclass=\"sc_team sc_team_light\"><div class=\"sc_team_columns_wrap sc_item_columns sc_item_posts_container trx_addons_columns_wrap no_margin\"><div class=\"trx_addons_column-1_4 trx_addons_column-1_2-tablet trx_addons_column-1_2-mobile\"><div data-post-id=\"26896\" class=\"sc_team_item sc_item_container post_container no_links has_post_thumbnail  post-26896 cpt_team type-cpt_team status-publish has-post-thumbnail hentry\">\r\n\t<div class=\"post_featured post_featured_bg sc_team_item_thumb trx_addons_hover trx_addons_hover_style_info_anim\"><span class=\"post_thumb\" style=\"background-image: url(https:\/\/doctorkclinic.com\/wp-content\/uploads\/2020\/04\/ibrahim-karastas.png)\"><\/span><div class=\"trx_addons_hover_team\"><h4 class=\"sc_team_item_title entry-title trx_addons_hover_title\">\u0130brahim K.<\/h4><div class=\"sc_team_item_subtitle trx_addons_hover_title\">\u0645\u0624\u0633\u0633<\/div><\/div><a class=\"post_link sc_team_item_link\" href=\"\"><\/a><div class=\"sc_team_item_socials socials_wrap trx_addons_hover_info\"><\/div><div class=\"trx_addons_hover_mask\"><\/div><\/div><\/div>\r\n<\/div><div class=\"trx_addons_column-1_4 trx_addons_column-1_2-tablet trx_addons_column-1_2-mobile\"><div data-post-id=\"26886\" class=\"sc_team_item sc_item_container post_container no_links has_post_thumbnail  post-26886 cpt_team type-cpt_team status-publish has-post-thumbnail hentry\">\r\n\t<div class=\"post_featured post_featured_bg sc_team_item_thumb trx_addons_hover trx_addons_hover_style_info_anim\"><span class=\"post_thumb\" style=\"background-image: url(https:\/\/doctorkclinic.com\/wp-content\/uploads\/2022\/01\/WhatsApp-Image-2023-11-24-at-14.49.56.jpeg)\"><\/span><div class=\"trx_addons_hover_team\"><h4 class=\"sc_team_item_title entry-title trx_addons_hover_title\">Caner Sancakl\u0131<\/h4><div class=\"sc_team_item_subtitle trx_addons_hover_title\">Sales Team Leader<\/div><\/div><a class=\"post_link sc_team_item_link\" href=\"\"><\/a><div class=\"sc_team_item_socials socials_wrap trx_addons_hover_info\"><\/div><div class=\"trx_addons_hover_mask\"><\/div><\/div><\/div>\r\n<\/div><div class=\"trx_addons_column-1_4 trx_addons_column-1_2-tablet trx_addons_column-1_2-mobile\"><div data-post-id=\"26876\" class=\"sc_team_item sc_item_container post_container no_links has_post_thumbnail  post-26876 cpt_team type-cpt_team status-publish has-post-thumbnail hentry\">\r\n\t<div class=\"post_featured post_featured_bg sc_team_item_thumb trx_addons_hover trx_addons_hover_style_info_anim\"><span class=\"post_thumb\" style=\"background-image: url(https:\/\/doctorkclinic.com\/wp-content\/uploads\/2022\/01\/WhatsApp-Image-2023-11-24-at-14.49.56-1.jpeg)\"><\/span><div class=\"trx_addons_hover_team\"><h4 class=\"sc_team_item_title entry-title trx_addons_hover_title\">Aylin Bolat<\/h4><div class=\"sc_team_item_subtitle trx_addons_hover_title\">\u0645\u062f\u064a\u0631 \u062a\u0637\u0648\u064a\u0631 \u0627\u0644\u0645\u0634\u0631\u0648\u0639 \/\/ \u0627\u062e\u062a\u0635\u0627\u0635\u064a \u062a\u063a\u0630\u064a\u0629<\/div><\/div><a class=\"post_link sc_team_item_link\" href=\"\"><\/a><div class=\"sc_team_item_socials socials_wrap trx_addons_hover_info\"><\/div><div class=\"trx_addons_hover_mask\"><\/div><\/div><\/div>\r\n<\/div><div class=\"trx_addons_column-1_4 trx_addons_column-1_2-tablet trx_addons_column-1_2-mobile\"><div data-post-id=\"26866\" class=\"sc_team_item sc_item_container post_container no_links has_post_thumbnail  post-26866 cpt_team type-cpt_team status-publish has-post-thumbnail hentry\">\r\n\t<div class=\"post_featured post_featured_bg sc_team_item_thumb trx_addons_hover trx_addons_hover_style_info_anim\"><span class=\"post_thumb\" style=\"background-image: url(https:\/\/doctorkclinic.com\/wp-content\/uploads\/2022\/01\/WhatsApp-Image-2023-11-24-at-14.49.57-1.jpeg)\"><\/span><div class=\"trx_addons_hover_team\"><h4 class=\"sc_team_item_title entry-title trx_addons_hover_title\">Fulya K\u0131l\u0131\u00e7<\/h4><div class=\"sc_team_item_subtitle trx_addons_hover_title\">\u0623\u062e\u0635\u0627\u0626\u064a \u0645\u0648\u0627\u0631\u062f \u0628\u0634\u0631\u064a\u0629<\/div><\/div><a class=\"post_link sc_team_item_link\" href=\"\"><\/a><div class=\"sc_team_item_socials socials_wrap trx_addons_hover_info\"><\/div><div class=\"trx_addons_hover_mask\"><\/div><\/div><\/div>\r\n<\/div><div class=\"trx_addons_column-1_4 trx_addons_column-1_2-tablet trx_addons_column-1_2-mobile\"><div data-post-id=\"26856\" class=\"sc_team_item sc_item_container post_container no_links has_post_thumbnail  post-26856 cpt_team type-cpt_team status-publish has-post-thumbnail hentry\">\r\n\t<div class=\"post_featured post_featured_bg sc_team_item_thumb trx_addons_hover trx_addons_hover_style_info_anim\"><span class=\"post_thumb\" style=\"background-image: url(https:\/\/doctorkclinic.com\/wp-content\/uploads\/2022\/01\/WhatsApp-Image-2023-12-11-at-15.04.32.jpeg)\"><\/span><div class=\"trx_addons_hover_team\"><h4 class=\"sc_team_item_title entry-title trx_addons_hover_title\">Zeynep Zorer<\/h4><div class=\"sc_team_item_subtitle trx_addons_hover_title\">\u0645\u0633\u062a\u0634\u0627\u0631 \u0637\u0628\u064a<\/div><\/div><a class=\"post_link sc_team_item_link\" href=\"\"><\/a><div class=\"sc_team_item_socials socials_wrap trx_addons_hover_info\"><\/div><div class=\"trx_addons_hover_mask\"><\/div><\/div><\/div>\r\n<\/div><div class=\"trx_addons_column-1_4 trx_addons_column-1_2-tablet trx_addons_column-1_2-mobile\"><div data-post-id=\"26841\" class=\"sc_team_item sc_item_container post_container no_links has_post_thumbnail  post-26841 cpt_team type-cpt_team status-publish has-post-thumbnail hentry\">\r\n\t<div class=\"post_featured post_featured_bg sc_team_item_thumb trx_addons_hover trx_addons_hover_style_info_anim\"><span class=\"post_thumb\" style=\"background-image: url(https:\/\/doctorkclinic.com\/wp-content\/uploads\/2022\/01\/WhatsApp-Image-2023-12-05-at-09.04.52.jpeg)\"><\/span><div class=\"trx_addons_hover_team\"><h4 class=\"sc_team_item_title entry-title trx_addons_hover_title\">Ahmet Mohammed<\/h4><div class=\"sc_team_item_subtitle trx_addons_hover_title\">\u0645\u0646\u0633\u0642 \u0627\u0644\u0645\u0633\u062a\u0634\u0641\u064a\u0627\u062a<\/div><\/div><a class=\"post_link sc_team_item_link\" href=\"\"><\/a><div class=\"sc_team_item_socials socials_wrap trx_addons_hover_info\"><\/div><div class=\"trx_addons_hover_mask\"><\/div><\/div><\/div>\r\n<\/div><div class=\"trx_addons_column-1_4 trx_addons_column-1_2-tablet trx_addons_column-1_2-mobile\"><div data-post-id=\"26826\" class=\"sc_team_item sc_item_container post_container no_links has_post_thumbnail  post-26826 cpt_team type-cpt_team status-publish has-post-thumbnail hentry\">\r\n\t<div class=\"post_featured post_featured_bg sc_team_item_thumb trx_addons_hover trx_addons_hover_style_info_anim\"><span class=\"post_thumb\" style=\"background-image: url(https:\/\/doctorkclinic.com\/wp-content\/uploads\/2023\/12\/Bas\u0327liksiz-1.jpg)\"><\/span><div class=\"trx_addons_hover_team\"><h4 class=\"sc_team_item_title entry-title trx_addons_hover_title\">\u00d6zlem \u00d6zkulak<\/h4><div class=\"sc_team_item_subtitle trx_addons_hover_title\">\u0645\u0633\u062a\u0634\u0627\u0631 \u0637\u0628\u064a<\/div><\/div><a class=\"post_link sc_team_item_link\" href=\"\"><\/a><div class=\"sc_team_item_socials socials_wrap trx_addons_hover_info\"><\/div><div class=\"trx_addons_hover_mask\"><\/div><\/div><\/div>\r\n<\/div><div class=\"trx_addons_column-1_4 trx_addons_column-1_2-tablet trx_addons_column-1_2-mobile\"><div data-post-id=\"26816\" class=\"sc_team_item sc_item_container post_container no_links has_post_thumbnail  post-26816 cpt_team type-cpt_team status-publish has-post-thumbnail hentry\">\r\n\t<div class=\"post_featured post_featured_bg sc_team_item_thumb trx_addons_hover trx_addons_hover_style_info_anim\"><span class=\"post_thumb\" style=\"background-image: url(https:\/\/doctorkclinic.com\/wp-content\/uploads\/2023\/12\/WhatsApp-Image-2023-12-05-at-09.04.53-1.jpeg)\"><\/span><div class=\"trx_addons_hover_team\"><h4 class=\"sc_team_item_title entry-title trx_addons_hover_title\">Abdullayeva Durdona<\/h4><div class=\"sc_team_item_subtitle trx_addons_hover_title\">\u0645\u0633\u062a\u0634\u0627\u0631 \u0637\u0628\u064a<\/div><\/div><a class=\"post_link sc_team_item_link\" href=\"\"><\/a><div class=\"sc_team_item_socials socials_wrap trx_addons_hover_info\"><\/div><div class=\"trx_addons_hover_mask\"><\/div><\/div><\/div>\r\n<\/div><\/div><\/div>\t\t<\/div>\n\t\t\t\t<\/div>\n\t\t\t\t\t<\/div>\n\t\t<\/div>\n\t\t\t\t\t\t\t<\/div>\n\t\t<\/section>\n\t\t\t\t<section class=\"elementor-section elementor-top-section elementor-element elementor-element-bc74075 elementor-section-boxed elementor-section-height-default elementor-section-height-default sc_fly_static\" data-id=\"bc74075\" data-element_type=\"section\">\n\t\t\t\t\t\t<div class=\"elementor-container elementor-column-gap-extended\">\n\t\t\t\t\t<div class=\"elementor-column elementor-col-100 elementor-top-column elementor-element elementor-element-22941c0 sc_inner_width_none sc_content_align_inherit sc_layouts_column_icons_position_left sc_fly_static\" data-id=\"22941c0\" data-element_type=\"column\">\n\t\t\t<div class=\"elementor-widget-wrap elementor-element-populated\">\n\t\t\t\t\t\t\t\t<div class=\"elementor-element elementor-element-1a96330 sc_height_huge sc_fly_static elementor-widget elementor-widget-spacer\" data-id=\"1a96330\" data-element_type=\"widget\" data-widget_type=\"spacer.default\">\n\t\t\t\t<div class=\"elementor-widget-container\">\n\t\t\t\t\t<div class=\"elementor-spacer\">\n\t\t\t<div class=\"elementor-spacer-inner\"><\/div>\n\t\t<\/div>\n\t\t\t\t<\/div>\n\t\t\t\t<\/div>\n\t\t\t\t\t<\/div>\n\t\t<\/div>\n\t\t\t\t\t\t\t<\/div>\n\t\t<\/section>\n\t\t\t\t\t\t\t<\/div>\n\t\t","protected":false},"excerpt":{"rendered":"<p>\u0641\u0631\u064a\u0642\u0646\u0627 \u0627\u0644\u062a\u0642 \u0628\u0641\u0631\u064a\u0642\u0646\u0627 \u0627\u0644\u0646\u062e\u0628\u0629 \u0627\u0644\u0645\u062a\u0641\u0648\u0642\u0629\u060c \u0645\u0639 \u0645\u0631\u0648\u0631 \u0627\u0644\u0648\u0642\u062a\u060c \u062a\u062d\u062f\u062b \u0641\u064a \u0627\u0644\u0639\u0645\u0644 \u0648\u0627\u0644\u0623\u0644\u0645 \u0627\u0644\u0643\u0628\u064a\u0631. Ut enim ad minim veniam\u060c quis nostrud exercitization ullamco. \u0645\u0639\u0644\u0648\u0645\u0627\u062a \u0639\u0646\u0627\u0639\u0631\u0636 \u0627\u0644\u0641\u064a\u062f\u064a\u0648 \u0130brahim K. \u0645\u0624\u0633\u0633 Caner Sancakl\u0131&hellip;<\/p>\n","protected":false},"author":1,"featured_media":0,"parent":0,"menu_order":0,"comment_status":"closed","ping_status":"closed","template":"","meta":{"footnotes":""},"class_list":["post-25066","page","type-page","status-publish","hentry"],"_links":{"self":[{"href":"https:\/\/doctorkclinic.com\/ar\/wp-json\/wp\/v2\/pages\/25066","targetHints":{"allow":["GET"]}}],"collection":[{"href":"https:\/\/doctorkclinic.com\/ar\/wp-json\/wp\/v2\/pages"}],"about":[{"href":"https:\/\/doctorkclinic.com\/ar\/wp-json\/wp\/v2\/types\/page"}],"author":[{"embeddable":true,"href":"https:\/\/doctorkclinic.com\/ar\/wp-json\/wp\/v2\/users\/1"}],"replies":[{"embeddable":true,"href":"https:\/\/doctorkclinic.com\/ar\/wp-json\/wp\/v2\/comments?post=25066"}],"version-history":[{"count":8,"href":"https:\/\/doctorkclinic.com\/ar\/wp-json\/wp\/v2\/pages\/25066\/revisions"}],"predecessor-version":[{"id":27403,"href":"https:\/\/doctorkclinic.com\/ar\/wp-json\/wp\/v2\/pages\/25066\/revisions\/27403"}],"wp:attachment":[{"href":"https:\/\/doctorkclinic.com\/ar\/wp-json\/wp\/v2\/media?parent=25066"}],"curies":[{"name":"wp","href":"https:\/\/api.w.org\/{rel}","templated":true}]}}