{"id":25088,"date":"2020-12-27T13:28:19","date_gmt":"2020-12-27T13:28:19","guid":{"rendered":"https:\/\/doctorkclinic.com\/%d8%aa%db%8c%d9%85-%d9%85%d8%a7\/"},"modified":"2023-12-07T14:52:44","modified_gmt":"2023-12-07T14:52:44","slug":"%d8%aa%db%8c%d9%85-%d9%85%d8%a7","status":"publish","type":"page","link":"https:\/\/doctorkclinic.com\/fa\/%d8%aa%db%8c%d9%85-%d9%85%d8%a7\/","title":{"rendered":"\u062a\u06cc\u0645 \u0645\u0627"},"content":{"rendered":"\t\t<div data-elementor-type=\"wp-page\" data-elementor-id=\"25088\" class=\"elementor elementor-25088 elementor-25066\" data-elementor-post-type=\"page\">\n\t\t\t\t\t\t\t\t\t<section class=\"elementor-section elementor-top-section elementor-element elementor-element-3812f74 elementor-section-boxed elementor-section-height-default elementor-section-height-default sc_fly_static\" data-id=\"3812f74\" data-element_type=\"section\">\n\t\t\t\t\t\t<div class=\"elementor-container elementor-column-gap-extended\">\n\t\t\t\t\t<div class=\"elementor-column elementor-col-100 elementor-top-column elementor-element elementor-element-0395808 sc_inner_width_none sc_content_align_inherit sc_layouts_column_icons_position_left sc_fly_static\" data-id=\"0395808\" data-element_type=\"column\">\n\t\t\t<div class=\"elementor-widget-wrap elementor-element-populated\">\n\t\t\t\t\t\t\t\t<div class=\"elementor-element elementor-element-6ce3fea sc_height_huge sc_fly_static elementor-widget elementor-widget-spacer\" data-id=\"6ce3fea\" data-element_type=\"widget\" data-widget_type=\"spacer.default\">\n\t\t\t\t<div class=\"elementor-widget-container\">\n\t\t\t\t\t<div class=\"elementor-spacer\">\n\t\t\t<div class=\"elementor-spacer-inner\"><\/div>\n\t\t<\/div>\n\t\t\t\t<\/div>\n\t\t\t\t<\/div>\n\t\t\t\t\t<\/div>\n\t\t<\/div>\n\t\t\t\t\t\t\t<\/div>\n\t\t<\/section>\n\t\t\t\t<section class=\"elementor-section elementor-top-section elementor-element elementor-element-7b83bbc scheme_default elementor-section-content-middle elementor-section-boxed elementor-section-height-default elementor-section-height-default sc_fly_static\" data-id=\"7b83bbc\" data-element_type=\"section\" data-settings=\"{&quot;background_background&quot;:&quot;classic&quot;}\">\n\t\t\t\t\t\t<div class=\"elementor-container elementor-column-gap-extended\">\n\t\t\t\t\t<div class=\"elementor-column elementor-col-50 elementor-top-column elementor-element elementor-element-abc8820 sc_inner_width_none sc_content_align_inherit sc_layouts_column_icons_position_left sc_fly_static\" data-id=\"abc8820\" data-element_type=\"column\">\n\t\t\t<div class=\"elementor-widget-wrap elementor-element-populated\">\n\t\t\t\t\t\t\t\t<div class=\"elementor-element elementor-element-1185141 sc_fly_static elementor-widget elementor-widget-trx_sc_title\" data-id=\"1185141\" data-element_type=\"widget\" data-widget_type=\"trx_sc_title.default\">\n\t\t\t\t<div class=\"elementor-widget-container\">\n\t\t\t<div\t\tclass=\"sc_title sc_title_accent\" ><span class=\"sc_item_subtitle sc_title_subtitle sc_item_subtitle_above sc_item_title_style_accent\">\u062a\u06cc\u0645 \u0645\u0627<\/span><h1 class=\"sc_item_title sc_title_title sc_item_title_style_accent sc_item_title_tag\"\n\t\t\t><span class=\"sc_item_title_text\">\u0628\u0627 \u062a\u06cc\u0645 \u0645\u0627 \u0622\u0634\u0646\u0627 \u0634\u0648\u06cc\u062f<\/span><\/h1><div class=\"sc_item_descr sc_title_descr\"><p>\u0646\u062e\u0628\u06af\u0627\u0646 \u0622\u062f\u06cc\u067e\u06cc\u0633\u06cc\u0646\u06af\u060c sed do euismod tempor incidunt ut labore et dolore magna aliqua. Ut enim ad minim veniam, quis nostrud exercitation ulamco.  <\/p>\n<\/div><\/div>\t\t<\/div>\n\t\t\t\t<\/div>\n\t\t\t\t<div class=\"elementor-element elementor-element-14b569a sc_fly_static elementor-widget elementor-widget-spacer\" data-id=\"14b569a\" data-element_type=\"widget\" data-widget_type=\"spacer.default\">\n\t\t\t\t<div class=\"elementor-widget-container\">\n\t\t\t\t\t<div class=\"elementor-spacer\">\n\t\t\t<div class=\"elementor-spacer-inner\"><\/div>\n\t\t<\/div>\n\t\t\t\t<\/div>\n\t\t\t\t<\/div>\n\t\t\t\t<div class=\"elementor-element elementor-element-b25697e play_center sc_layouts_hide_on_wide sc_layouts_hide_on_desktop sc_layouts_hide_on_notebook sc_layouts_hide_on_tablet sc_layouts_hide_on_mobile sc_fly_static elementor-widget elementor-widget-trx_sc_button\" data-id=\"b25697e\" data-element_type=\"widget\" data-widget_type=\"trx_sc_button.default\">\n\t\t\t\t<div class=\"elementor-widget-container\">\n\t\t\t<div\tclass=\"sc_item_button sc_button_wrap\" ><a href=\"https:\/\/doctorkclinic.com\/fa\/%d8%af%d8%b1%d8%a8%d8%a7%d8%b1%d9%87-%d9%85%d8%a7\/\" class=\"sc_button hide_on_mobile hide_on_tablet hide_on_notebook hide_on_desktop hide_on_wide sc_button_default sc_button_size_normal sc_button_icon_left\" ><span class=\"sc_button_text\"><span class=\"sc_button_title\">\u062f\u0631\u0628\u0627\u0631\u0647 \u0645\u0627<\/span><\/span><\/a><a href=\"#\u0628\u0631\u0648-\u0648\u06cc\u062f\u0626\u0648-\u062a\u06cc\u0645\" class=\"sc_button hide_on_mobile hide_on_tablet hide_on_notebook hide_on_desktop hide_on_wide sc_button_simple sc_button_size_normal sc_button_with_icon sc_button_icon_left color_style_dark\" ><span class=\"sc_button_icon\"><span class=\"icon-play\"><\/span><\/span><span class=\"sc_button_text\"><span class=\"sc_button_title\">\u0627\u0631\u0627\u0626\u0647 \u0648\u06cc\u062f\u0626\u0648<\/span><\/span><\/a><\/div>\t\t<\/div>\n\t\t\t\t<\/div>\n\t\t\t\t\t<\/div>\n\t\t<\/div>\n\t\t\t\t<div class=\"elementor-column elementor-col-50 elementor-top-column elementor-element elementor-element-40e7d6c sc_inner_width_none sc_content_align_inherit sc_layouts_column_icons_position_left sc_fly_static\" data-id=\"40e7d6c\" data-element_type=\"column\">\n\t\t\t<div class=\"elementor-widget-wrap\">\n\t\t\t\t\t\t\t\t\t<\/div>\n\t\t<\/div>\n\t\t\t\t\t\t\t<\/div>\n\t\t<\/section>\n\t\t\t\t<section class=\"elementor-section elementor-top-section elementor-element elementor-element-e15dada elementor-section-boxed elementor-section-height-default elementor-section-height-default sc_fly_static\" data-id=\"e15dada\" data-element_type=\"section\">\n\t\t\t\t\t\t<div class=\"elementor-container elementor-column-gap-extended\">\n\t\t\t\t\t<div class=\"elementor-column elementor-col-100 elementor-top-column elementor-element elementor-element-a65bed0 sc_inner_width_none sc_content_align_inherit sc_layouts_column_icons_position_left sc_fly_static\" data-id=\"a65bed0\" data-element_type=\"column\">\n\t\t\t<div class=\"elementor-widget-wrap elementor-element-populated\">\n\t\t\t\t\t\t\t\t<div class=\"elementor-element elementor-element-ac1ab5d sc_height_huge sc_fly_static elementor-widget elementor-widget-spacer\" data-id=\"ac1ab5d\" data-element_type=\"widget\" data-widget_type=\"spacer.default\">\n\t\t\t\t<div class=\"elementor-widget-container\">\n\t\t\t\t\t<div class=\"elementor-spacer\">\n\t\t\t<div class=\"elementor-spacer-inner\"><\/div>\n\t\t<\/div>\n\t\t\t\t<\/div>\n\t\t\t\t<\/div>\n\t\t\t\t\t<\/div>\n\t\t<\/div>\n\t\t\t\t\t\t\t<\/div>\n\t\t<\/section>\n\t\t\t\t<section class=\"elementor-section elementor-top-section elementor-element elementor-element-2c5d0234 elementor-section-stretched scheme_default elementor-section-boxed elementor-section-height-default elementor-section-height-default sc_fly_static\" data-id=\"2c5d0234\" data-element_type=\"section\" data-settings=\"{&quot;stretch_section&quot;:&quot;section-stretched&quot;,&quot;background_background&quot;:&quot;classic&quot;}\">\n\t\t\t\t\t\t<div class=\"elementor-container elementor-column-gap-extended\">\n\t\t\t\t\t<div class=\"elementor-column elementor-col-100 elementor-top-column elementor-element elementor-element-777152bd sc_inner_width_none sc_content_align_inherit sc_layouts_column_icons_position_left sc_fly_static\" data-id=\"777152bd\" data-element_type=\"column\">\n\t\t\t<div class=\"elementor-widget-wrap elementor-element-populated\">\n\t\t\t\t\t\t\t\t<div class=\"elementor-element elementor-element-113c4e7 sc_height_huge sc_fly_static elementor-widget elementor-widget-spacer\" data-id=\"113c4e7\" data-element_type=\"widget\" data-widget_type=\"spacer.default\">\n\t\t\t\t<div class=\"elementor-widget-container\">\n\t\t\t\t\t<div class=\"elementor-spacer\">\n\t\t\t<div class=\"elementor-spacer-inner\"><\/div>\n\t\t<\/div>\n\t\t\t\t<\/div>\n\t\t\t\t<\/div>\n\t\t\t\t<div class=\"elementor-element elementor-element-e0a5894 sc_fly_static elementor-widget elementor-widget-trx_sc_team\" data-id=\"e0a5894\" data-element_type=\"widget\" data-widget_type=\"trx_sc_team.default\">\n\t\t\t\t<div class=\"elementor-widget-container\">\n\t\t\t<div \t\tclass=\"sc_team sc_team_light\"><div class=\"sc_team_columns_wrap sc_item_columns sc_item_posts_container trx_addons_columns_wrap no_margin\"><div class=\"trx_addons_column-1_4 trx_addons_column-1_2-tablet trx_addons_column-1_2-mobile\"><div data-post-id=\"26900\" class=\"sc_team_item sc_item_container post_container no_links has_post_thumbnail  post-26900 cpt_team type-cpt_team status-publish has-post-thumbnail hentry\">\r\n\t<div class=\"post_featured post_featured_bg sc_team_item_thumb trx_addons_hover trx_addons_hover_style_info_anim\"><span class=\"post_thumb\" style=\"background-image: url(https:\/\/doctorkclinic.com\/wp-content\/uploads\/2020\/04\/ibrahim-karastas.png)\"><\/span><div class=\"trx_addons_hover_team\"><h4 class=\"sc_team_item_title entry-title trx_addons_hover_title\">\u0130brahim K.<\/h4><div class=\"sc_team_item_subtitle trx_addons_hover_title\">\u0645\u0648\u0633\u0633<\/div><\/div><a class=\"post_link sc_team_item_link\" href=\"\"><\/a><div class=\"sc_team_item_socials socials_wrap trx_addons_hover_info\"><\/div><div class=\"trx_addons_hover_mask\"><\/div><\/div><\/div>\r\n<\/div><div class=\"trx_addons_column-1_4 trx_addons_column-1_2-tablet trx_addons_column-1_2-mobile\"><div data-post-id=\"26890\" class=\"sc_team_item sc_item_container post_container no_links has_post_thumbnail  post-26890 cpt_team type-cpt_team status-publish has-post-thumbnail hentry\">\r\n\t<div class=\"post_featured post_featured_bg sc_team_item_thumb trx_addons_hover trx_addons_hover_style_info_anim\"><span class=\"post_thumb\" style=\"background-image: url(https:\/\/doctorkclinic.com\/wp-content\/uploads\/2022\/01\/WhatsApp-Image-2023-11-24-at-14.49.56.jpeg)\"><\/span><div class=\"trx_addons_hover_team\"><h4 class=\"sc_team_item_title entry-title trx_addons_hover_title\">Caner Sancakl\u0131<\/h4><div class=\"sc_team_item_subtitle trx_addons_hover_title\">\u0633\u0631\u067e\u0631\u0633\u062a \u062a\u06cc\u0645 \u0641\u0631\u0648\u0634<\/div><\/div><a class=\"post_link sc_team_item_link\" href=\"\"><\/a><div class=\"sc_team_item_socials socials_wrap trx_addons_hover_info\"><\/div><div class=\"trx_addons_hover_mask\"><\/div><\/div><\/div>\r\n<\/div><div class=\"trx_addons_column-1_4 trx_addons_column-1_2-tablet trx_addons_column-1_2-mobile\"><div data-post-id=\"26880\" class=\"sc_team_item sc_item_container post_container no_links has_post_thumbnail  post-26880 cpt_team type-cpt_team status-publish has-post-thumbnail hentry\">\r\n\t<div class=\"post_featured post_featured_bg sc_team_item_thumb trx_addons_hover trx_addons_hover_style_info_anim\"><span class=\"post_thumb\" style=\"background-image: url(https:\/\/doctorkclinic.com\/wp-content\/uploads\/2022\/01\/WhatsApp-Image-2023-11-24-at-14.49.56-1.jpeg)\"><\/span><div class=\"trx_addons_hover_team\"><h4 class=\"sc_team_item_title entry-title trx_addons_hover_title\">Aylin Bolat<\/h4><div class=\"sc_team_item_subtitle trx_addons_hover_title\">\u0645\u062f\u06cc\u0631 \u062a\u0648\u0633\u0639\u0647 \u067e\u0631\u0648\u0698\u0647 \/\/ \u0645\u062a\u062e\u0635\u0635 \u062a\u063a\u0630\u06cc\u0647<\/div><\/div><a class=\"post_link sc_team_item_link\" href=\"\"><\/a><div class=\"sc_team_item_socials socials_wrap trx_addons_hover_info\"><\/div><div class=\"trx_addons_hover_mask\"><\/div><\/div><\/div>\r\n<\/div><div class=\"trx_addons_column-1_4 trx_addons_column-1_2-tablet trx_addons_column-1_2-mobile\"><div data-post-id=\"26870\" class=\"sc_team_item sc_item_container post_container no_links has_post_thumbnail  post-26870 cpt_team type-cpt_team status-publish has-post-thumbnail hentry\">\r\n\t<div class=\"post_featured post_featured_bg sc_team_item_thumb trx_addons_hover trx_addons_hover_style_info_anim\"><span class=\"post_thumb\" style=\"background-image: url(https:\/\/doctorkclinic.com\/wp-content\/uploads\/2022\/01\/WhatsApp-Image-2023-11-24-at-14.49.57-1.jpeg)\"><\/span><div class=\"trx_addons_hover_team\"><h4 class=\"sc_team_item_title entry-title trx_addons_hover_title\">Fulya K\u0131l\u0131\u00e7<\/h4><div class=\"sc_team_item_subtitle trx_addons_hover_title\">\u0645\u062a\u062e\u0635\u0635 \u0645\u0646\u0627\u0628\u0639 \u0627\u0646\u0633\u0627\u0646\u06cc<\/div><\/div><a class=\"post_link sc_team_item_link\" href=\"\"><\/a><div class=\"sc_team_item_socials socials_wrap trx_addons_hover_info\"><\/div><div class=\"trx_addons_hover_mask\"><\/div><\/div><\/div>\r\n<\/div><div class=\"trx_addons_column-1_4 trx_addons_column-1_2-tablet trx_addons_column-1_2-mobile\"><div data-post-id=\"26860\" class=\"sc_team_item sc_item_container post_container no_links has_post_thumbnail  post-26860 cpt_team type-cpt_team status-publish has-post-thumbnail hentry\">\r\n\t<div class=\"post_featured post_featured_bg sc_team_item_thumb trx_addons_hover trx_addons_hover_style_info_anim\"><span class=\"post_thumb\" style=\"background-image: url(https:\/\/doctorkclinic.com\/wp-content\/uploads\/2022\/01\/WhatsApp-Image-2023-12-11-at-15.04.32.jpeg)\"><\/span><div class=\"trx_addons_hover_team\"><h4 class=\"sc_team_item_title entry-title trx_addons_hover_title\">Zeynep Zorer<\/h4><div class=\"sc_team_item_subtitle trx_addons_hover_title\">\u0645\u0634\u0627\u0648\u0631 \u067e\u0632\u0634\u06a9\u06cc<\/div><\/div><a class=\"post_link sc_team_item_link\" href=\"\"><\/a><div class=\"sc_team_item_socials socials_wrap trx_addons_hover_info\"><\/div><div class=\"trx_addons_hover_mask\"><\/div><\/div><\/div>\r\n<\/div><div class=\"trx_addons_column-1_4 trx_addons_column-1_2-tablet trx_addons_column-1_2-mobile\"><div data-post-id=\"26847\" class=\"sc_team_item sc_item_container post_container no_links has_post_thumbnail  post-26847 cpt_team type-cpt_team status-publish has-post-thumbnail hentry\">\r\n\t<div class=\"post_featured post_featured_bg sc_team_item_thumb trx_addons_hover trx_addons_hover_style_info_anim\"><span class=\"post_thumb\" style=\"background-image: url(https:\/\/doctorkclinic.com\/wp-content\/uploads\/2022\/01\/WhatsApp-Image-2023-12-05-at-09.04.52.jpeg)\"><\/span><div class=\"trx_addons_hover_team\"><h4 class=\"sc_team_item_title entry-title trx_addons_hover_title\">Ahmet Mohammed<\/h4><div class=\"sc_team_item_subtitle trx_addons_hover_title\">\u0647\u0645\u0627\u0647\u0646\u06af \u06a9\u0646\u0646\u062f\u0647 \u0628\u06cc\u0645\u0627\u0631\u0633\u062a\u0627\u0646 \u0647\u0627<\/div><\/div><a class=\"post_link sc_team_item_link\" href=\"\"><\/a><div class=\"sc_team_item_socials socials_wrap trx_addons_hover_info\"><\/div><div class=\"trx_addons_hover_mask\"><\/div><\/div><\/div>\r\n<\/div><div class=\"trx_addons_column-1_4 trx_addons_column-1_2-tablet trx_addons_column-1_2-mobile\"><div data-post-id=\"26832\" class=\"sc_team_item sc_item_container post_container no_links has_post_thumbnail  post-26832 cpt_team type-cpt_team status-publish has-post-thumbnail hentry\">\r\n\t<div class=\"post_featured post_featured_bg sc_team_item_thumb trx_addons_hover trx_addons_hover_style_info_anim\"><span class=\"post_thumb\" style=\"background-image: url(https:\/\/doctorkclinic.com\/wp-content\/uploads\/2023\/12\/Bas\u0327liksiz-1.jpg)\"><\/span><div class=\"trx_addons_hover_team\"><h4 class=\"sc_team_item_title entry-title trx_addons_hover_title\">\u00d6zlem \u00d6zkulak<\/h4><div class=\"sc_team_item_subtitle trx_addons_hover_title\">\u0645\u0634\u0627\u0648\u0631 \u067e\u0632\u0634\u06a9\u06cc<\/div><\/div><a class=\"post_link sc_team_item_link\" href=\"\"><\/a><div class=\"sc_team_item_socials socials_wrap trx_addons_hover_info\"><\/div><div class=\"trx_addons_hover_mask\"><\/div><\/div><\/div>\r\n<\/div><div class=\"trx_addons_column-1_4 trx_addons_column-1_2-tablet trx_addons_column-1_2-mobile\"><div data-post-id=\"26820\" class=\"sc_team_item sc_item_container post_container no_links has_post_thumbnail  post-26820 cpt_team type-cpt_team status-publish has-post-thumbnail hentry\">\r\n\t<div class=\"post_featured post_featured_bg sc_team_item_thumb trx_addons_hover trx_addons_hover_style_info_anim\"><span class=\"post_thumb\" style=\"background-image: url(https:\/\/doctorkclinic.com\/wp-content\/uploads\/2023\/12\/WhatsApp-Image-2023-12-05-at-09.04.53-1.jpeg)\"><\/span><div class=\"trx_addons_hover_team\"><h4 class=\"sc_team_item_title entry-title trx_addons_hover_title\">Abdullayeva Durdona<\/h4><div class=\"sc_team_item_subtitle trx_addons_hover_title\">\u0645\u0634\u0627\u0648\u0631 \u067e\u0632\u0634\u06a9\u06cc<\/div><\/div><a class=\"post_link sc_team_item_link\" href=\"\"><\/a><div class=\"sc_team_item_socials socials_wrap trx_addons_hover_info\"><\/div><div class=\"trx_addons_hover_mask\"><\/div><\/div><\/div>\r\n<\/div><\/div><\/div>\t\t<\/div>\n\t\t\t\t<\/div>\n\t\t\t\t\t<\/div>\n\t\t<\/div>\n\t\t\t\t\t\t\t<\/div>\n\t\t<\/section>\n\t\t\t\t<section class=\"elementor-section elementor-top-section elementor-element elementor-element-bc74075 elementor-section-boxed elementor-section-height-default elementor-section-height-default sc_fly_static\" data-id=\"bc74075\" data-element_type=\"section\">\n\t\t\t\t\t\t<div class=\"elementor-container elementor-column-gap-extended\">\n\t\t\t\t\t<div class=\"elementor-column elementor-col-100 elementor-top-column elementor-element elementor-element-22941c0 sc_inner_width_none sc_content_align_inherit sc_layouts_column_icons_position_left sc_fly_static\" data-id=\"22941c0\" data-element_type=\"column\">\n\t\t\t<div class=\"elementor-widget-wrap elementor-element-populated\">\n\t\t\t\t\t\t\t\t<div class=\"elementor-element elementor-element-1a96330 sc_height_huge sc_fly_static elementor-widget elementor-widget-spacer\" data-id=\"1a96330\" data-element_type=\"widget\" data-widget_type=\"spacer.default\">\n\t\t\t\t<div class=\"elementor-widget-container\">\n\t\t\t\t\t<div class=\"elementor-spacer\">\n\t\t\t<div class=\"elementor-spacer-inner\"><\/div>\n\t\t<\/div>\n\t\t\t\t<\/div>\n\t\t\t\t<\/div>\n\t\t\t\t\t<\/div>\n\t\t<\/div>\n\t\t\t\t\t\t\t<\/div>\n\t\t<\/section>\n\t\t\t\t\t\t\t<\/div>\n\t\t","protected":false},"excerpt":{"rendered":"<p>\u062a\u06cc\u0645 \u0645\u0627 \u0628\u0627 \u062a\u06cc\u0645 \u0645\u0627 \u0622\u0634\u0646\u0627 \u0634\u0648\u06cc\u062f \u0646\u062e\u0628\u06af\u0627\u0646 \u0622\u062f\u06cc\u067e\u06cc\u0633\u06cc\u0646\u06af\u060c sed do euismod tempor incidunt ut labore et dolore magna aliqua. Ut enim ad minim veniam, quis nostrud exercitation ulamco. \u062f\u0631\u0628\u0627\u0631\u0647&hellip;<\/p>\n","protected":false},"author":1,"featured_media":0,"parent":0,"menu_order":0,"comment_status":"closed","ping_status":"closed","template":"","meta":{"footnotes":""},"class_list":["post-25088","page","type-page","status-publish","hentry"],"_links":{"self":[{"href":"https:\/\/doctorkclinic.com\/fa\/wp-json\/wp\/v2\/pages\/25088","targetHints":{"allow":["GET"]}}],"collection":[{"href":"https:\/\/doctorkclinic.com\/fa\/wp-json\/wp\/v2\/pages"}],"about":[{"href":"https:\/\/doctorkclinic.com\/fa\/wp-json\/wp\/v2\/types\/page"}],"author":[{"embeddable":true,"href":"https:\/\/doctorkclinic.com\/fa\/wp-json\/wp\/v2\/users\/1"}],"replies":[{"embeddable":true,"href":"https:\/\/doctorkclinic.com\/fa\/wp-json\/wp\/v2\/comments?post=25088"}],"version-history":[{"count":3,"href":"https:\/\/doctorkclinic.com\/fa\/wp-json\/wp\/v2\/pages\/25088\/revisions"}],"predecessor-version":[{"id":26977,"href":"https:\/\/doctorkclinic.com\/fa\/wp-json\/wp\/v2\/pages\/25088\/revisions\/26977"}],"wp:attachment":[{"href":"https:\/\/doctorkclinic.com\/fa\/wp-json\/wp\/v2\/media?parent=25088"}],"curies":[{"name":"wp","href":"https:\/\/api.w.org\/{rel}","templated":true}]}}