{"id":25167,"date":"2020-12-27T13:28:19","date_gmt":"2020-12-27T13:28:19","guid":{"rendered":"https:\/\/doctorkclinic.com\/%d0%bd%d0%b0%d1%88%d0%b0-%d0%ba%d0%be%d0%bc%d0%b0%d0%bd%d0%b4%d0%b0\/"},"modified":"2023-12-07T10:26:01","modified_gmt":"2023-12-07T10:26:01","slug":"%d0%bd%d0%b0%d1%88%d0%b0-%d0%ba%d0%be%d0%bc%d0%b0%d0%bd%d0%b4%d0%b0","status":"publish","type":"page","link":"https:\/\/doctorkclinic.com\/ru\/%d0%bd%d0%b0%d1%88%d0%b0-%d0%ba%d0%be%d0%bc%d0%b0%d0%bd%d0%b4%d0%b0\/","title":{"rendered":"\u041d\u0430\u0448\u0430 \u043a\u043e\u043c\u0430\u043d\u0434\u0430"},"content":{"rendered":"\t\t<div data-elementor-type=\"wp-page\" data-elementor-id=\"25167\" class=\"elementor elementor-25167 elementor-25066\" data-elementor-post-type=\"page\">\n\t\t\t\t\t\t\t\t\t<section class=\"elementor-section elementor-top-section elementor-element elementor-element-3812f74 elementor-section-boxed elementor-section-height-default elementor-section-height-default sc_fly_static\" data-id=\"3812f74\" data-element_type=\"section\">\n\t\t\t\t\t\t<div class=\"elementor-container elementor-column-gap-extended\">\n\t\t\t\t\t<div class=\"elementor-column elementor-col-100 elementor-top-column elementor-element elementor-element-0395808 sc_inner_width_none sc_content_align_inherit sc_layouts_column_icons_position_left sc_fly_static\" data-id=\"0395808\" data-element_type=\"column\">\n\t\t\t<div class=\"elementor-widget-wrap elementor-element-populated\">\n\t\t\t\t\t\t\t\t<div class=\"elementor-element elementor-element-6ce3fea sc_height_huge sc_fly_static elementor-widget elementor-widget-spacer\" data-id=\"6ce3fea\" data-element_type=\"widget\" data-widget_type=\"spacer.default\">\n\t\t\t\t<div class=\"elementor-widget-container\">\n\t\t\t\t\t<div class=\"elementor-spacer\">\n\t\t\t<div class=\"elementor-spacer-inner\"><\/div>\n\t\t<\/div>\n\t\t\t\t<\/div>\n\t\t\t\t<\/div>\n\t\t\t\t\t<\/div>\n\t\t<\/div>\n\t\t\t\t\t\t\t<\/div>\n\t\t<\/section>\n\t\t\t\t<section class=\"elementor-section elementor-top-section elementor-element elementor-element-7b83bbc scheme_default elementor-section-content-middle elementor-section-stretched elementor-section-boxed elementor-section-height-default elementor-section-height-default sc_fly_static\" data-id=\"7b83bbc\" data-element_type=\"section\" data-settings=\"{&quot;background_background&quot;:&quot;classic&quot;,&quot;stretch_section&quot;:&quot;section-stretched&quot;}\">\n\t\t\t\t\t\t<div class=\"elementor-container elementor-column-gap-extended\">\n\t\t\t\t\t<div class=\"elementor-column elementor-col-50 elementor-top-column elementor-element elementor-element-abc8820 sc_inner_width_none sc_content_align_inherit sc_layouts_column_icons_position_left sc_fly_static\" data-id=\"abc8820\" data-element_type=\"column\">\n\t\t\t<div class=\"elementor-widget-wrap elementor-element-populated\">\n\t\t\t\t\t\t\t\t<div class=\"elementor-element elementor-element-1185141 sc_fly_static elementor-widget elementor-widget-trx_sc_title\" data-id=\"1185141\" data-element_type=\"widget\" data-widget_type=\"trx_sc_title.default\">\n\t\t\t\t<div class=\"elementor-widget-container\">\n\t\t\t<div\t\tclass=\"sc_title sc_title_accent\" ><span class=\"sc_item_subtitle sc_title_subtitle sc_item_subtitle_above sc_item_title_style_accent\">\u043d\u0430\u0448\u0430 \u043a\u043e\u043c\u0430\u043d\u0434\u0430<\/span><h1 class=\"sc_item_title sc_title_title sc_item_title_style_accent sc_item_title_tag\"\n\t\t\t><span class=\"sc_item_title_text\">\u041f\u043e\u0437\u043d\u0430\u043a\u043e\u043c\u044c\u0442\u0435\u0441\u044c \u0441 \u043d\u0430\u0448\u0435\u0439 \u043a\u043e\u043c\u0430\u043d\u0434\u043e\u0439<\/span><\/h1><div class=\"sc_item_descr sc_title_descr\"><p>Adipiscing elit, sed do euismod tempor incidunt ut labore et dolore magna aliqua. Ut enim ad minim veniam, quis nostrud exercitation ullamco.  <\/p>\n<\/div><\/div>\t\t<\/div>\n\t\t\t\t<\/div>\n\t\t\t\t<div class=\"elementor-element elementor-element-14b569a sc_fly_static elementor-widget elementor-widget-spacer\" data-id=\"14b569a\" data-element_type=\"widget\" data-widget_type=\"spacer.default\">\n\t\t\t\t<div class=\"elementor-widget-container\">\n\t\t\t\t\t<div class=\"elementor-spacer\">\n\t\t\t<div class=\"elementor-spacer-inner\"><\/div>\n\t\t<\/div>\n\t\t\t\t<\/div>\n\t\t\t\t<\/div>\n\t\t\t\t<div class=\"elementor-element elementor-element-b25697e play_center sc_layouts_hide_on_wide sc_layouts_hide_on_desktop sc_layouts_hide_on_notebook sc_layouts_hide_on_tablet sc_layouts_hide_on_mobile sc_fly_static elementor-widget elementor-widget-trx_sc_button\" data-id=\"b25697e\" data-element_type=\"widget\" data-widget_type=\"trx_sc_button.default\">\n\t\t\t\t<div class=\"elementor-widget-container\">\n\t\t\t<div\tclass=\"sc_item_button sc_button_wrap\" ><a href=\"https:\/\/doctorkclinic.com\/ru\/%d0%be-%d0%bd%d0%b0%d1%81\/\" class=\"sc_button hide_on_mobile hide_on_tablet hide_on_notebook hide_on_desktop hide_on_wide sc_button_default sc_button_size_normal sc_button_icon_left\" ><span class=\"sc_button_text\"><span class=\"sc_button_title\">\u041e \u043d\u0430\u0441<\/span><\/span><\/a><a href=\"#go-video-team\" class=\"sc_button hide_on_mobile hide_on_tablet hide_on_notebook hide_on_desktop hide_on_wide sc_button_simple sc_button_size_normal sc_button_with_icon sc_button_icon_left color_style_dark\" ><span class=\"sc_button_icon\"><span class=\"icon-play\"><\/span><\/span><span class=\"sc_button_text\"><span class=\"sc_button_title\">\u0412\u0438\u0434\u0435\u043e\u043f\u0440\u0435\u0437\u0435\u043d\u0442\u0430\u0446\u0438\u044f<\/span><\/span><\/a><\/div>\t\t<\/div>\n\t\t\t\t<\/div>\n\t\t\t\t\t<\/div>\n\t\t<\/div>\n\t\t\t\t<div class=\"elementor-column elementor-col-50 elementor-top-column elementor-element elementor-element-40e7d6c sc_inner_width_none sc_content_align_inherit sc_layouts_column_icons_position_left sc_fly_static\" data-id=\"40e7d6c\" data-element_type=\"column\">\n\t\t\t<div class=\"elementor-widget-wrap\">\n\t\t\t\t\t\t\t\t\t<\/div>\n\t\t<\/div>\n\t\t\t\t\t\t\t<\/div>\n\t\t<\/section>\n\t\t\t\t<section class=\"elementor-section elementor-top-section elementor-element elementor-element-e15dada elementor-section-boxed elementor-section-height-default elementor-section-height-default sc_fly_static\" data-id=\"e15dada\" data-element_type=\"section\">\n\t\t\t\t\t\t<div class=\"elementor-container elementor-column-gap-extended\">\n\t\t\t\t\t<div class=\"elementor-column elementor-col-100 elementor-top-column elementor-element elementor-element-a65bed0 sc_inner_width_none sc_content_align_inherit sc_layouts_column_icons_position_left sc_fly_static\" data-id=\"a65bed0\" data-element_type=\"column\">\n\t\t\t<div class=\"elementor-widget-wrap elementor-element-populated\">\n\t\t\t\t\t\t\t\t<div class=\"elementor-element elementor-element-ac1ab5d sc_height_huge sc_fly_static elementor-widget elementor-widget-spacer\" data-id=\"ac1ab5d\" data-element_type=\"widget\" data-widget_type=\"spacer.default\">\n\t\t\t\t<div class=\"elementor-widget-container\">\n\t\t\t\t\t<div class=\"elementor-spacer\">\n\t\t\t<div class=\"elementor-spacer-inner\"><\/div>\n\t\t<\/div>\n\t\t\t\t<\/div>\n\t\t\t\t<\/div>\n\t\t\t\t\t<\/div>\n\t\t<\/div>\n\t\t\t\t\t\t\t<\/div>\n\t\t<\/section>\n\t\t\t\t<section class=\"elementor-section elementor-top-section elementor-element elementor-element-2c5d0234 elementor-section-stretched scheme_default elementor-section-boxed elementor-section-height-default elementor-section-height-default sc_fly_static\" data-id=\"2c5d0234\" data-element_type=\"section\" data-settings=\"{&quot;stretch_section&quot;:&quot;section-stretched&quot;,&quot;background_background&quot;:&quot;classic&quot;}\">\n\t\t\t\t\t\t<div class=\"elementor-container elementor-column-gap-extended\">\n\t\t\t\t\t<div class=\"elementor-column elementor-col-100 elementor-top-column elementor-element elementor-element-777152bd sc_inner_width_none sc_content_align_inherit sc_layouts_column_icons_position_left sc_fly_static\" data-id=\"777152bd\" data-element_type=\"column\">\n\t\t\t<div class=\"elementor-widget-wrap elementor-element-populated\">\n\t\t\t\t\t\t\t\t<div class=\"elementor-element elementor-element-113c4e7 sc_height_huge sc_fly_static elementor-widget elementor-widget-spacer\" data-id=\"113c4e7\" data-element_type=\"widget\" data-widget_type=\"spacer.default\">\n\t\t\t\t<div class=\"elementor-widget-container\">\n\t\t\t\t\t<div class=\"elementor-spacer\">\n\t\t\t<div class=\"elementor-spacer-inner\"><\/div>\n\t\t<\/div>\n\t\t\t\t<\/div>\n\t\t\t\t<\/div>\n\t\t\t\t<div class=\"elementor-element elementor-element-e0a5894 sc_fly_static elementor-widget elementor-widget-trx_sc_team\" data-id=\"e0a5894\" data-element_type=\"widget\" data-widget_type=\"trx_sc_team.default\">\n\t\t\t\t<div class=\"elementor-widget-container\">\n\t\t\t<div \t\tclass=\"sc_team sc_team_light\"><div class=\"sc_team_columns_wrap sc_item_columns sc_item_posts_container trx_addons_columns_wrap no_margin\"><div class=\"trx_addons_column-1_4 trx_addons_column-1_2-tablet trx_addons_column-1_2-mobile\"><div data-post-id=\"26902\" class=\"sc_team_item sc_item_container post_container no_links has_post_thumbnail  post-26902 cpt_team type-cpt_team status-publish has-post-thumbnail hentry\">\r\n\t<div class=\"post_featured post_featured_bg sc_team_item_thumb trx_addons_hover trx_addons_hover_style_info_anim\"><span class=\"post_thumb\" style=\"background-image: url(https:\/\/doctorkclinic.com\/wp-content\/uploads\/2020\/04\/ibrahim-karastas.png)\"><\/span><div class=\"trx_addons_hover_team\"><h4 class=\"sc_team_item_title entry-title trx_addons_hover_title\">\u0130brahim K.<\/h4><div class=\"sc_team_item_subtitle trx_addons_hover_title\">\u041e\u0441\u043d\u043e\u0432\u0430\u0442\u0435\u043b\u044c<\/div><\/div><a class=\"post_link sc_team_item_link\" href=\"\"><\/a><div class=\"sc_team_item_socials socials_wrap trx_addons_hover_info\"><\/div><div class=\"trx_addons_hover_mask\"><\/div><\/div><\/div>\r\n<\/div><div class=\"trx_addons_column-1_4 trx_addons_column-1_2-tablet trx_addons_column-1_2-mobile\"><div data-post-id=\"26892\" class=\"sc_team_item sc_item_container post_container no_links has_post_thumbnail  post-26892 cpt_team type-cpt_team status-publish has-post-thumbnail hentry\">\r\n\t<div class=\"post_featured post_featured_bg sc_team_item_thumb trx_addons_hover trx_addons_hover_style_info_anim\"><span class=\"post_thumb\" style=\"background-image: url(https:\/\/doctorkclinic.com\/wp-content\/uploads\/2022\/01\/WhatsApp-Image-2023-11-24-at-14.49.56.jpeg)\"><\/span><div class=\"trx_addons_hover_team\"><h4 class=\"sc_team_item_title entry-title trx_addons_hover_title\">Caner Sancakl\u0131<\/h4><div class=\"sc_team_item_subtitle trx_addons_hover_title\">\u0420\u0443\u043a\u043e\u0432\u043e\u0434\u0438\u0442\u0435\u043b\u044c \u0433\u0440\u0443\u043f\u043f\u044b \u043f\u0440\u043e\u0434\u0430\u0436<\/div><\/div><a class=\"post_link sc_team_item_link\" href=\"\"><\/a><div class=\"sc_team_item_socials socials_wrap trx_addons_hover_info\"><\/div><div class=\"trx_addons_hover_mask\"><\/div><\/div><\/div>\r\n<\/div><div class=\"trx_addons_column-1_4 trx_addons_column-1_2-tablet trx_addons_column-1_2-mobile\"><div data-post-id=\"26882\" class=\"sc_team_item sc_item_container post_container no_links has_post_thumbnail  post-26882 cpt_team type-cpt_team status-publish has-post-thumbnail hentry\">\r\n\t<div class=\"post_featured post_featured_bg sc_team_item_thumb trx_addons_hover trx_addons_hover_style_info_anim\"><span class=\"post_thumb\" style=\"background-image: url(https:\/\/doctorkclinic.com\/wp-content\/uploads\/2022\/01\/WhatsApp-Image-2023-11-24-at-14.49.56-1.jpeg)\"><\/span><div class=\"trx_addons_hover_team\"><h4 class=\"sc_team_item_title entry-title trx_addons_hover_title\">Aylin Bolat<\/h4><div class=\"sc_team_item_subtitle trx_addons_hover_title\">\u0414\u0438\u0440\u0435\u043a\u0442\u043e\u0440 \u043f\u043e \u0440\u0430\u0437\u0432\u0438\u0442\u0438\u044e \u043f\u0440\u043e\u0435\u043a\u0442\u0430 \/\/ \u0412\u0440\u0430\u0447-\u0434\u0438\u0435\u0442\u043e\u043b\u043e\u0433<\/div><\/div><a class=\"post_link sc_team_item_link\" href=\"\"><\/a><div class=\"sc_team_item_socials socials_wrap trx_addons_hover_info\"><\/div><div class=\"trx_addons_hover_mask\"><\/div><\/div><\/div>\r\n<\/div><div class=\"trx_addons_column-1_4 trx_addons_column-1_2-tablet trx_addons_column-1_2-mobile\"><div data-post-id=\"26872\" class=\"sc_team_item sc_item_container post_container no_links has_post_thumbnail  post-26872 cpt_team type-cpt_team status-publish has-post-thumbnail hentry\">\r\n\t<div class=\"post_featured post_featured_bg sc_team_item_thumb trx_addons_hover trx_addons_hover_style_info_anim\"><span class=\"post_thumb\" style=\"background-image: url(https:\/\/doctorkclinic.com\/wp-content\/uploads\/2022\/01\/WhatsApp-Image-2023-11-24-at-14.49.57-1.jpeg)\"><\/span><div class=\"trx_addons_hover_team\"><h4 class=\"sc_team_item_title entry-title trx_addons_hover_title\">Fulya K\u0131l\u0131\u00e7<\/h4><div class=\"sc_team_item_subtitle trx_addons_hover_title\">\u0441\u043f\u0435\u0446\u0438\u0430\u043b\u0438\u0441\u0442 \u043e\u0442\u0434\u0435\u043b\u0430 \u043a\u0430\u0434\u0440\u043e\u0432<\/div><\/div><a class=\"post_link sc_team_item_link\" href=\"\"><\/a><div class=\"sc_team_item_socials socials_wrap trx_addons_hover_info\"><\/div><div class=\"trx_addons_hover_mask\"><\/div><\/div><\/div>\r\n<\/div><div class=\"trx_addons_column-1_4 trx_addons_column-1_2-tablet trx_addons_column-1_2-mobile\"><div data-post-id=\"26862\" class=\"sc_team_item sc_item_container post_container no_links has_post_thumbnail  post-26862 cpt_team type-cpt_team status-publish has-post-thumbnail hentry\">\r\n\t<div class=\"post_featured post_featured_bg sc_team_item_thumb trx_addons_hover trx_addons_hover_style_info_anim\"><span class=\"post_thumb\" style=\"background-image: url(https:\/\/doctorkclinic.com\/wp-content\/uploads\/2022\/01\/WhatsApp-Image-2023-12-11-at-15.04.32.jpeg)\"><\/span><div class=\"trx_addons_hover_team\"><h4 class=\"sc_team_item_title entry-title trx_addons_hover_title\">Zeynep Zorer<\/h4><div class=\"sc_team_item_subtitle trx_addons_hover_title\">\u041c\u0435\u0434\u0438\u0446\u0438\u043d\u0441\u043a\u0438\u0439 \u043a\u043e\u043d\u0441\u0443\u043b\u044c\u0442\u0430\u043d\u0442<\/div><\/div><a class=\"post_link sc_team_item_link\" href=\"\"><\/a><div class=\"sc_team_item_socials socials_wrap trx_addons_hover_info\"><\/div><div class=\"trx_addons_hover_mask\"><\/div><\/div><\/div>\r\n<\/div><div class=\"trx_addons_column-1_4 trx_addons_column-1_2-tablet trx_addons_column-1_2-mobile\"><div data-post-id=\"26850\" class=\"sc_team_item sc_item_container post_container no_links has_post_thumbnail  post-26850 cpt_team type-cpt_team status-publish has-post-thumbnail hentry\">\r\n\t<div class=\"post_featured post_featured_bg sc_team_item_thumb trx_addons_hover trx_addons_hover_style_info_anim\"><span class=\"post_thumb\" style=\"background-image: url(https:\/\/doctorkclinic.com\/wp-content\/uploads\/2022\/01\/WhatsApp-Image-2023-12-05-at-09.04.52.jpeg)\"><\/span><div class=\"trx_addons_hover_team\"><h4 class=\"sc_team_item_title entry-title trx_addons_hover_title\">Ahmet Mohammed<\/h4><div class=\"sc_team_item_subtitle trx_addons_hover_title\">\u041a\u043e\u043e\u0440\u0434\u0438\u043d\u0430\u0442\u043e\u0440 \u0431\u043e\u043b\u044c\u043d\u0438\u0446<\/div><\/div><a class=\"post_link sc_team_item_link\" href=\"\"><\/a><div class=\"sc_team_item_socials socials_wrap trx_addons_hover_info\"><\/div><div class=\"trx_addons_hover_mask\"><\/div><\/div><\/div>\r\n<\/div><div class=\"trx_addons_column-1_4 trx_addons_column-1_2-tablet trx_addons_column-1_2-mobile\"><div data-post-id=\"26835\" class=\"sc_team_item sc_item_container post_container no_links has_post_thumbnail  post-26835 cpt_team type-cpt_team status-publish has-post-thumbnail hentry\">\r\n\t<div class=\"post_featured post_featured_bg sc_team_item_thumb trx_addons_hover trx_addons_hover_style_info_anim\"><span class=\"post_thumb\" style=\"background-image: url(https:\/\/doctorkclinic.com\/wp-content\/uploads\/2023\/12\/Bas\u0327liksiz-1.jpg)\"><\/span><div class=\"trx_addons_hover_team\"><h4 class=\"sc_team_item_title entry-title trx_addons_hover_title\">\u00d6zlem \u00d6zkulak<\/h4><div class=\"sc_team_item_subtitle trx_addons_hover_title\">\u041c\u0435\u0434\u0438\u0446\u0438\u043d\u0441\u043a\u0438\u0439 \u043a\u043e\u043d\u0441\u0443\u043b\u044c\u0442\u0430\u043d\u0442<\/div><\/div><a class=\"post_link sc_team_item_link\" href=\"\"><\/a><div class=\"sc_team_item_socials socials_wrap trx_addons_hover_info\"><\/div><div class=\"trx_addons_hover_mask\"><\/div><\/div><\/div>\r\n<\/div><div class=\"trx_addons_column-1_4 trx_addons_column-1_2-tablet trx_addons_column-1_2-mobile\"><div data-post-id=\"26822\" class=\"sc_team_item sc_item_container post_container no_links has_post_thumbnail  post-26822 cpt_team type-cpt_team status-publish has-post-thumbnail hentry\">\r\n\t<div class=\"post_featured post_featured_bg sc_team_item_thumb trx_addons_hover trx_addons_hover_style_info_anim\"><span class=\"post_thumb\" style=\"background-image: url(https:\/\/doctorkclinic.com\/wp-content\/uploads\/2023\/12\/WhatsApp-Image-2023-12-05-at-09.04.53-1.jpeg)\"><\/span><div class=\"trx_addons_hover_team\"><h4 class=\"sc_team_item_title entry-title trx_addons_hover_title\">Abdullayeva Durdona<\/h4><div class=\"sc_team_item_subtitle trx_addons_hover_title\">\u041c\u0435\u0434\u0438\u0446\u0438\u043d\u0441\u043a\u0438\u0439 \u043a\u043e\u043d\u0441\u0443\u043b\u044c\u0442\u0430\u043d\u0442<\/div><\/div><a class=\"post_link sc_team_item_link\" href=\"\"><\/a><div class=\"sc_team_item_socials socials_wrap trx_addons_hover_info\"><\/div><div class=\"trx_addons_hover_mask\"><\/div><\/div><\/div>\r\n<\/div><\/div><\/div>\t\t<\/div>\n\t\t\t\t<\/div>\n\t\t\t\t\t<\/div>\n\t\t<\/div>\n\t\t\t\t\t\t\t<\/div>\n\t\t<\/section>\n\t\t\t\t<section class=\"elementor-section elementor-top-section elementor-element elementor-element-bc74075 elementor-section-boxed elementor-section-height-default elementor-section-height-default sc_fly_static\" data-id=\"bc74075\" data-element_type=\"section\">\n\t\t\t\t\t\t<div class=\"elementor-container elementor-column-gap-extended\">\n\t\t\t\t\t<div class=\"elementor-column elementor-col-100 elementor-top-column elementor-element elementor-element-22941c0 sc_inner_width_none sc_content_align_inherit sc_layouts_column_icons_position_left sc_fly_static\" data-id=\"22941c0\" data-element_type=\"column\">\n\t\t\t<div class=\"elementor-widget-wrap elementor-element-populated\">\n\t\t\t\t\t\t\t\t<div class=\"elementor-element elementor-element-1a96330 sc_height_huge sc_fly_static elementor-widget elementor-widget-spacer\" data-id=\"1a96330\" data-element_type=\"widget\" data-widget_type=\"spacer.default\">\n\t\t\t\t<div class=\"elementor-widget-container\">\n\t\t\t\t\t<div class=\"elementor-spacer\">\n\t\t\t<div class=\"elementor-spacer-inner\"><\/div>\n\t\t<\/div>\n\t\t\t\t<\/div>\n\t\t\t\t<\/div>\n\t\t\t\t\t<\/div>\n\t\t<\/div>\n\t\t\t\t\t\t\t<\/div>\n\t\t<\/section>\n\t\t\t\t\t\t\t<\/div>\n\t\t","protected":false},"excerpt":{"rendered":"<p>\u043d\u0430\u0448\u0430 \u043a\u043e\u043c\u0430\u043d\u0434\u0430 \u041f\u043e\u0437\u043d\u0430\u043a\u043e\u043c\u044c\u0442\u0435\u0441\u044c \u0441 \u043d\u0430\u0448\u0435\u0439 \u043a\u043e\u043c\u0430\u043d\u0434\u043e\u0439 Adipiscing elit, sed do euismod tempor incidunt ut labore et dolore magna aliqua. Ut enim ad minim veniam, quis nostrud exercitation ullamco. \u041e \u043d\u0430\u0441\u0412\u0438\u0434\u0435\u043e\u043f\u0440\u0435\u0437\u0435\u043d\u0442\u0430\u0446\u0438\u044f&hellip;<\/p>\n","protected":false},"author":1,"featured_media":0,"parent":0,"menu_order":0,"comment_status":"closed","ping_status":"closed","template":"","meta":{"footnotes":""},"class_list":["post-25167","page","type-page","status-publish","hentry"],"_links":{"self":[{"href":"https:\/\/doctorkclinic.com\/ru\/wp-json\/wp\/v2\/pages\/25167","targetHints":{"allow":["GET"]}}],"collection":[{"href":"https:\/\/doctorkclinic.com\/ru\/wp-json\/wp\/v2\/pages"}],"about":[{"href":"https:\/\/doctorkclinic.com\/ru\/wp-json\/wp\/v2\/types\/page"}],"author":[{"embeddable":true,"href":"https:\/\/doctorkclinic.com\/ru\/wp-json\/wp\/v2\/users\/1"}],"replies":[{"embeddable":true,"href":"https:\/\/doctorkclinic.com\/ru\/wp-json\/wp\/v2\/comments?post=25167"}],"version-history":[{"count":5,"href":"https:\/\/doctorkclinic.com\/ru\/wp-json\/wp\/v2\/pages\/25167\/revisions"}],"predecessor-version":[{"id":27451,"href":"https:\/\/doctorkclinic.com\/ru\/wp-json\/wp\/v2\/pages\/25167\/revisions\/27451"}],"wp:attachment":[{"href":"https:\/\/doctorkclinic.com\/ru\/wp-json\/wp\/v2\/media?parent=25167"}],"curies":[{"name":"wp","href":"https:\/\/api.w.org\/{rel}","templated":true}]}}